{"id":2443,"date":"2019-01-24T23:27:06","date_gmt":"2019-01-24T22:27:06","guid":{"rendered":"https:\/\/www.tokoint.com\/allgemeine-geschaftsbedingungen\/"},"modified":"2019-02-01T17:27:09","modified_gmt":"2019-02-01T16:27:09","slug":"allgemeine-geschaftsbedingungen","status":"publish","type":"page","link":"https:\/\/www.tokoint.com\/de\/allgemeine-geschaftsbedingungen\/","title":{"rendered":"Allgemeine Gesch\u00e4ftsbedingungen"},"content":{"rendered":"\t\t<div data-elementor-type=\"wp-post\" data-elementor-id=\"2443\" class=\"elementor elementor-2443 elementor-157 elementor-bc-flex-widget\" data-elementor-post-type=\"page\">\n\t\t\t\t\t\t<section class=\"elementor-section elementor-top-section elementor-element elementor-element-2e195d2a elementor-section-full_width elementor-section-height-default elementor-section-height-default\" data-id=\"2e195d2a\" data-element_type=\"section\" data-e-type=\"section\" data-settings=\"{&quot;background_background&quot;:&quot;classic&quot;}\">\n\t\t\t\t\t\t<div class=\"elementor-container elementor-column-gap-default\">\n\t\t\t\t\t<div class=\"elementor-column elementor-col-100 elementor-top-column elementor-element elementor-element-38ec0c8b\" data-id=\"38ec0c8b\" data-element_type=\"column\" data-e-type=\"column\">\n\t\t\t<div class=\"elementor-widget-wrap elementor-element-populated\">\n\t\t\t\t\t\t<section class=\"elementor-section elementor-inner-section elementor-element elementor-element-36024a3e elementor-section-full_width elementor-section-height-default elementor-section-height-default\" data-id=\"36024a3e\" data-element_type=\"section\" data-e-type=\"section\">\n\t\t\t\t\t\t<div class=\"elementor-container elementor-column-gap-default\">\n\t\t\t\t\t<div class=\"elementor-column elementor-col-100 elementor-inner-column elementor-element elementor-element-3cce194b\" data-id=\"3cce194b\" data-element_type=\"column\" data-e-type=\"column\">\n\t\t\t<div class=\"elementor-widget-wrap elementor-element-populated\">\n\t\t\t\t\t\t<div class=\"elementor-element elementor-element-1b59ee5d elementor-widget elementor-widget-heading\" data-id=\"1b59ee5d\" data-element_type=\"widget\" data-e-type=\"widget\" data-widget_type=\"heading.default\">\n\t\t\t\t<div class=\"elementor-widget-container\">\n\t\t\t\t\t<h3 class=\"elementor-heading-title elementor-size-default\">Allgemeine Gesch\u00e4ftsbedingungen<\/h3>\t\t\t\t<\/div>\n\t\t\t\t<\/div>\n\t\t\t\t<div class=\"elementor-element elementor-element-70581671 elementor-widget elementor-widget-text-editor\" data-id=\"70581671\" data-element_type=\"widget\" data-e-type=\"widget\" data-widget_type=\"text-editor.default\">\n\t\t\t\t<div class=\"elementor-widget-container\">\n\t\t\t\t\t\t\t\t\t<ol>\n<li>Diese Allgemeinen Gesch\u00e4ftsbedingungen finden Anwendung auf jeden Vertrag zwischen Toko<br \/>\nInternational BV und dem Abnehmer, in Bezug auf welche Vertr\u00e4ge Toko International BV diese<br \/>\nAllgemeinen Bedingungen f\u00fcr anwendbar erkl\u00e4rt hat.<\/li>\n<li>Die Anwendbarkeit eventueller Einkaufs- oder anderer Bedingungen des Abnehmers wird ausdr\u00fccklich<br \/>\nabgelehnt.<\/li>\n<li>S\u00e4mtliche Angebote und Offerten sind unverbindlich.<\/li>\n<li>Angegebene Preise verstehen sich in Euro, exklusive BTW (ndl. MwSt.) und sind nach Ma\u00dfgabe der zur<br \/>\nZeit des Angebots geltenden, kostenbestimmenden Faktoren. Bei \u00c4nderungen in der vorgenannten<br \/>\nkostenbestimmenden Faktoren zwischen dem Zeitpunkt, an dem der Vertrag zustande kam und dem<br \/>\nZeitpunkt der Lieferung, hat Toko International BV das Recht, den urspr\u00fcnglich angegebenen Preis zu<br \/>\n\u00e4ndern.<\/li>\n<li>Wenn vom Abnehmer einem von Toko International BV angestellten Vertreter ein Auftrag erteilt wird,<br \/>\nentsteht einen verbindlichen Vertrag erst an dem Zeitpunkt, an dem der Auftrag von Toko International BV<br \/>\nakzeptiert worden ist.<\/li>\n<li>Die von Toko International BV angegebenen Lieferzeiten sind nicht als Vertragsfristen f\u00fcr Leistungen zu<br \/>\nbetrachten.<\/li>\n<li>Zahlung erfolgt in bar oder innerhalb der auf der Rechnung angegebenen Zahlungsfrist. Bei<br \/>\nNichtbeobachtung der Zahlungsfrist ist der Abnehmer, nachdem Abnehmer von Toko International BV<br \/>\nmindestens einmal eine Aufforderung, innerhalb von einer angemessenen Frist zu zahlen erhalten hat, von<br \/>\nRechts wegen im Verzug. In jenem Fall ist der Abnehmer, ab dem Datum, an dem der zu zahlende Betrag<br \/>\nf\u00e4llig wurde, bis einschlie\u03b2lich den Zeitpunkt der Zahlung, verpflichtet, die gesetzlichen Zinsen zu zahlen.<br \/>\nDaneben ist der Abnehmer verpflichtet, indem er im Verzug ist, alle Inkassokosten, sowohl gerichtliche als<br \/>\nauch au\u00dfergerichtliche Kosten, zu zahlen.<\/li>\n<li>S\u00e4mtliche gelieferten und noch zu liefernden Produkte bleiben das Eigentum der Toko International BV,<br \/>\nbis s\u00e4mtliche Forderungen, die Toko International BV dem Abnehmer gegen\u00fcber geltend macht oder<br \/>\nmachen kann, vollst\u00e4ndig gezahlt worden sind (Eigentumsvorbehalt). So lange die Produkte nicht dem<br \/>\nAbnehmer \u00fcbereignet worden sind, darf der Abnehmer die Produkte nicht pf\u00e4nden oder irgendwelche<br \/>\nanderen Rechte in Bezug auf die Produkte an Drittparteien gew\u00e4hren. Der Abnehmer ist verpflichtet, die<br \/>\nProdukte, die unter Eigentumsvorbehalt geliefert wurden, mit der erforderlichen Sorgfalt und erkennbar als<br \/>\ndas Eigentum der Toko International BV zu verwahren.<\/li>\n<li>Beschwerden m\u00fcssen Toko International BV innerhalb von 8 Tagen nach dem Eingang der Produkte<br \/>\nschriftlich mitgeteilt werden. Nach dieser Frist werden Beschwerden nicht l\u00e4nger untersucht.<br \/>\nR\u00fccksendungen sind ausschlie\u00dflich nach Genehmigung der Toko International BV gestattet. Bei Fehlern<br \/>\nseitens Toko International BV \u00fcbernimmt Toko International BV die Kosten der betreffenden<br \/>\nR\u00fccksendung, aber ausschlie\u00dflich dann, wenn die R\u00fccksendung den von Toko International BV erteilten<br \/>\nAnweisungen entsprechend stattfindet.<\/li>\n<li>Wenn Toko International BV ihre Verpflichtungen dem Abnehmer gegen\u00fcber nicht entspricht durch h\u00f6here<br \/>\nGewalt, so haftet Toko International BV nicht f\u00fcr Sch\u00e4den, die daraus f\u00fcr den Abnehmer entstehen. Unter<br \/>\nh\u00f6herer Gewalt wird unter anderem verstanden: Transportunterbrechungen durch zum Beispiel<br \/>\nWetterbedingungen; nicht oder nicht rechtzeitig erfolgte Lieferung von Produkten an Toko International<br \/>\nBV von ihren Zulieferern; von den Beh\u00f6rden getroffenen Ma\u00dfnahmen, durch die die tats\u00e4chlichen<br \/>\nUmst\u00e4nde sich \u00e4ndern.<\/li>\n<li>Toko International BV haftet nie f\u00fcr indirekte Sch\u00e4den einschlie\u03b2lich Folgesch\u00e4den, Gewinnausfall,<br \/>\nVerlust von Einsparungen und Sch\u00e4den durch wirtschaftliche Nachteile.<\/li>\n<li>Wenn Toko International BV f\u00fcr irgendwelche Sch\u00e4den haftpflichtig sein sollte, so beschr\u00e4nkt sich die<br \/>\nHaftung der Toko International BV auf den Rechnungsbetrag, d.h. auf den Teil des Vertrags, auf den die<br \/>\nHaftung Anwendung findet.<\/li>\n<li>S\u00e4mtliche Anspr\u00fcche gegen Toko International BV, die Toko International BV nicht innerhalb von einem<br \/>\nJahr nachdem sie entstanden, vorgelegt wurden, verfallen durch Verj\u00e4hrung.<\/li>\n<li>Offensichtliche Fehler oder Unrichtigkeiten auf der Website oder in Ver\u00f6ffentlichungen der Toko<br \/>\nInternational BV sind nicht verbindlich f\u00fcr Toko International BV. S\u00e4mtliche Abbildungen und Angaben in<br \/>\nBezug auf Gewichte, Abmessungen, Farben, Angaben in Bezug auf den Einsatzbereich der Produkte, auf<br \/>\nPreislisten, auf der Website, in Brosch\u00fcren und Anzeigen werden mit gr\u00f6\u00dfter Sorgfalt erstellt, gelten<br \/>\nallerdings nur ann\u00e4hernd, und k\u00f6nnen nie Anlass f\u00fcr Schadenersatz und\/oder Aufl\u00f6sung sein.<\/li>\n<li>Alle Vertr\u00e4ge zwischen Toko International BV und dem Abnehmer unterliegen dem niederl\u00e4ndischen<br \/>\nRecht. Alle Streitigkeiten bez\u00fcglich Vertr\u00e4ge zwischen dem Abnehmer und Toko International BV werden<br \/>\nvom zust\u00e4ndigen Gericht im Bezirk des Niederlassungsorts der Toko International BV geschlichtet, sofern<br \/>\ndie gesetzlichen Bedingungen dies erlauben.<\/li>\n<\/ol>\n\t\t\t\t\t\t\t\t<\/div>\n\t\t\t\t<\/div>\n\t\t\t\t\t<\/div>\n\t\t<\/div>\n\t\t\t\t\t<\/div>\n\t\t<\/section>\n\t\t\t\t\t<\/div>\n\t\t<\/div>\n\t\t\t\t\t<\/div>\n\t\t<\/section>\n\t\t\t\t<\/div>\n\t\t","protected":false},"excerpt":{"rendered":"<p>Allgemeine Gesch\u00e4ftsbedingungen Diese Allgemeinen Gesch\u00e4ftsbedingungen finden Anwendung auf jeden Vertrag zwischen Toko International BV und dem Abnehmer, in Bezug auf welche Vertr\u00e4ge Toko International BV diese Allgemeinen Bedingungen f\u00fcr anwendbar erkl\u00e4rt hat. Die Anwendbarkeit eventueller Einkaufs- oder anderer Bedingungen des Abnehmers wird ausdr\u00fccklich abgelehnt. S\u00e4mtliche Angebote und Offerten sind unverbindlich. Angegebene Preise verstehen sich in [&hellip;]<\/p>\n","protected":false},"author":1,"featured_media":0,"parent":0,"menu_order":0,"comment_status":"closed","ping_status":"closed","template":"elementor_header_footer","meta":{"_acf_changed":false,"_monsterinsights_skip_tracking":false,"_monsterinsights_sitenote_active":false,"_monsterinsights_sitenote_note":"","_monsterinsights_sitenote_category":0,"site-sidebar-layout":"default","site-content-layout":"","ast-site-content-layout":"default","site-content-style":"default","site-sidebar-style":"default","ast-global-header-display":"","ast-banner-title-visibility":"","ast-main-header-display":"","ast-hfb-above-header-display":"","ast-hfb-below-header-display":"","ast-hfb-mobile-header-display":"","site-post-title":"","ast-breadcrumbs-content":"","ast-featured-img":"","footer-sml-layout":"","ast-disable-related-posts":"","theme-transparent-header-meta":"","adv-header-id-meta":"","stick-header-meta":"","header-above-stick-meta":"","header-main-stick-meta":"","header-below-stick-meta":"","astra-migrate-meta-layouts":"default","ast-page-background-enabled":"default","ast-page-background-meta":{"desktop":{"background-color":"var(--ast-global-color-4)","background-image":"","background-repeat":"repeat","background-position":"center center","background-size":"auto","background-attachment":"scroll","background-type":"","background-media":"","overlay-type":"","overlay-color":"","overlay-opacity":"","overlay-gradient":""},"tablet":{"background-color":"","background-image":"","background-repeat":"repeat","background-position":"center center","background-size":"auto","background-attachment":"scroll","background-type":"","background-media":"","overlay-type":"","overlay-color":"","overlay-opacity":"","overlay-gradient":""},"mobile":{"background-color":"","background-image":"","background-repeat":"repeat","background-position":"center center","background-size":"auto","background-attachment":"scroll","background-type":"","background-media":"","overlay-type":"","overlay-color":"","overlay-opacity":"","overlay-gradient":""}},"ast-content-background-meta":{"desktop":{"background-color":"var(--ast-global-color-5)","background-image":"","background-repeat":"repeat","background-position":"center center","background-size":"auto","background-attachment":"scroll","background-type":"","background-media":"","overlay-type":"","overlay-color":"","overlay-opacity":"","overlay-gradient":""},"tablet":{"background-color":"var(--ast-global-color-5)","background-image":"","background-repeat":"repeat","background-position":"center center","background-size":"auto","background-attachment":"scroll","background-type":"","background-media":"","overlay-type":"","overlay-color":"","overlay-opacity":"","overlay-gradient":""},"mobile":{"background-color":"var(--ast-global-color-5)","background-image":"","background-repeat":"repeat","background-position":"center center","background-size":"auto","background-attachment":"scroll","background-type":"","background-media":"","overlay-type":"","overlay-color":"","overlay-opacity":"","overlay-gradient":""}},"footnotes":""},"class_list":["post-2443","page","type-page","status-publish","hentry"],"acf":[],"_links":{"self":[{"href":"https:\/\/www.tokoint.com\/de\/wp-json\/wp\/v2\/pages\/2443","targetHints":{"allow":["GET"]}}],"collection":[{"href":"https:\/\/www.tokoint.com\/de\/wp-json\/wp\/v2\/pages"}],"about":[{"href":"https:\/\/www.tokoint.com\/de\/wp-json\/wp\/v2\/types\/page"}],"author":[{"embeddable":true,"href":"https:\/\/www.tokoint.com\/de\/wp-json\/wp\/v2\/users\/1"}],"replies":[{"embeddable":true,"href":"https:\/\/www.tokoint.com\/de\/wp-json\/wp\/v2\/comments?post=2443"}],"version-history":[{"count":2,"href":"https:\/\/www.tokoint.com\/de\/wp-json\/wp\/v2\/pages\/2443\/revisions"}],"predecessor-version":[{"id":4632,"href":"https:\/\/www.tokoint.com\/de\/wp-json\/wp\/v2\/pages\/2443\/revisions\/4632"}],"wp:attachment":[{"href":"https:\/\/www.tokoint.com\/de\/wp-json\/wp\/v2\/media?parent=2443"}],"curies":[{"name":"wp","href":"https:\/\/api.w.org\/{rel}","templated":true}]}}