{"id":2478,"date":"2019-01-25T00:10:24","date_gmt":"2019-01-24T23:10:24","guid":{"rendered":"https:\/\/www.tokoint.com\/datenschutzerklarung\/"},"modified":"2019-02-01T17:35:20","modified_gmt":"2019-02-01T16:35:20","slug":"datenschutzerklarung","status":"publish","type":"page","link":"https:\/\/www.tokoint.com\/de\/datenschutzerklarung\/","title":{"rendered":"Datenschutzerkl\u00e4rung"},"content":{"rendered":"\t\t<div data-elementor-type=\"wp-post\" data-elementor-id=\"2478\" class=\"elementor elementor-2478 elementor-150 elementor-bc-flex-widget\" data-elementor-post-type=\"page\">\n\t\t\t\t\t\t<section class=\"elementor-section elementor-top-section elementor-element elementor-element-77efe27 elementor-section-full_width elementor-section-height-default elementor-section-height-default\" data-id=\"77efe27\" data-element_type=\"section\" data-e-type=\"section\" data-settings=\"{&quot;background_background&quot;:&quot;classic&quot;}\">\n\t\t\t\t\t\t<div class=\"elementor-container elementor-column-gap-default\">\n\t\t\t\t\t<div class=\"elementor-column elementor-col-100 elementor-top-column elementor-element elementor-element-16687db\" data-id=\"16687db\" data-element_type=\"column\" data-e-type=\"column\">\n\t\t\t<div class=\"elementor-widget-wrap elementor-element-populated\">\n\t\t\t\t\t\t<section class=\"elementor-section elementor-inner-section elementor-element elementor-element-aeb61fd elementor-section-full_width elementor-section-height-default elementor-section-height-default\" data-id=\"aeb61fd\" data-element_type=\"section\" data-e-type=\"section\">\n\t\t\t\t\t\t<div class=\"elementor-container elementor-column-gap-default\">\n\t\t\t\t\t<div class=\"elementor-column elementor-col-100 elementor-inner-column elementor-element elementor-element-754e615\" data-id=\"754e615\" data-element_type=\"column\" data-e-type=\"column\">\n\t\t\t<div class=\"elementor-widget-wrap elementor-element-populated\">\n\t\t\t\t\t\t<div class=\"elementor-element elementor-element-05fe796 elementor-widget elementor-widget-heading\" data-id=\"05fe796\" data-element_type=\"widget\" data-e-type=\"widget\" data-widget_type=\"heading.default\">\n\t\t\t\t<div class=\"elementor-widget-container\">\n\t\t\t\t\t<h3 class=\"elementor-heading-title elementor-size-default\">Datenschutzerkl\u00e4rung<\/h3>\t\t\t\t<\/div>\n\t\t\t\t<\/div>\n\t\t\t\t<div class=\"elementor-element elementor-element-e0fa401 elementor-widget elementor-widget-text-editor\" data-id=\"e0fa401\" data-element_type=\"widget\" data-e-type=\"widget\" data-widget_type=\"text-editor.default\">\n\t\t\t\t<div class=\"elementor-widget-container\">\n\t\t\t\t\t\t\t\t\t<p><strong>Wir m\u00f6chten Sie dar\u00fcber informieren, dass Toko Int BV Ihre Privatsph\u00e4re als wichtig erachtet.<\/strong><br \/>\nWir sammeln nur Informationen, die notwendig sind, um Ihre Bestellung abzuschlie\u00dfen und einen<br \/>\nNewsletter zu senden. Datenschutz und Haftungsausschluss Datenschutz Ein Besuch dieser Website<br \/>\nist grunds\u00e4tzlich anonym. Die einzigen pers\u00f6nlichen Informationen, die \u00fcber diese Website erfasst<br \/>\nwerden, sind Informationen, die Sie freiwillig angeben, indem Sie die Kunden- und \/ oder<br \/>\nBestellformulare ausf\u00fcllen, ein Produkt bestellen (Toko Int BV) oder sich f\u00fcr den Newsletter anmelden.<br \/>\nDie Daten, die Besucher f\u00fcr den Versand des Newsletters (Name und E-Mail-Adresse) und bei der<br \/>\nBestellung angeben, werden von uns in einer Datei gespeichert. Alle diese Daten werden vertraulich<br \/>\nbehandelt und nicht f\u00fcr kommerzielle Zwecke verwendet, au\u00dfer f\u00fcr unsere eigenen Newsletter mit<br \/>\nrelevanten Angeboten unserer Produkte.<\/p>\n<p><strong>Verwenden Sie Cookies <\/strong><br \/>\n<strong>Was sind Cookies?<\/strong><br \/>\nCookies sind kleine Dateien, die auf Ihrem Computer gespeichert werden k\u00f6nnen, damit die von Ihnen<br \/>\nbesuchte Website ordnungsgem\u00e4\u00df funktioniert oder sich zum Beispiel beim Surfen an Ihre<br \/>\nPr\u00e4ferenzen erinnert. Es gibt verschiedene Arten von Cookies, z. B. Cookies, die sich an Login-<br \/>\nNamen, Passw\u00f6rter und den Inhalt Ihres Einkaufswagens erinnern. Websites verwenden auch<br \/>\nCookies, um zu verfolgen, wie viele Besucher auf eine Website kommen und welche Teile der<br \/>\nWebsite am h\u00e4ufigsten besucht werden. Dar\u00fcber hinaus gibt es Cookies, die registrieren, welche<br \/>\nSeiten Sie besuchen, um Ihre Interessen zu bewerten und Ihre bevorzugten Anzeigen zu zeigen.<\/p>\n<p><strong>Die Cookies von Toko Int BV<\/strong><br \/>\nWenn Sie ein Magazin-Paket auf unserer Website bestellen, werden einige Cookies platziert, um den<br \/>\nInhalt des Warenkorbs korrekt anzuzeigen und \u00c4nderungen im Warenkorb zu verfolgen. Diese<br \/>\nCookies enthalten keine pers\u00f6nlichen Informationen. Er\u00f6ffnen Sie ein Konto bei der Bestellung? Dann<br \/>\nkann unsere Website einen Cookie setzen, um Ihre Login-Daten zu speichern (Sie k\u00f6nnen w\u00e4hlen, ob<br \/>\nSie dies m\u00f6chten). Das Erstellen eines Kontos ist nicht obligatorisch. Sie k\u00f6nnen eine Bestellung auch<br \/>\nper E-Mail ohne Konto aufgeben. Sie k\u00f6nnen Cookies auch in den Einstellungen Ihres Browsers (z. B.<br \/>\nFirefox, Edge, Safari usw.) deaktivieren und angeben, dass Sie nicht online verfolgt werden m\u00f6chten.<\/p>\n<p><strong>Haftung<\/strong><br \/>\nDie Informationen auf unserer Website ( www.tokoint.com ) wurden mit gr\u00f6\u00dfter Sorgfalt<br \/>\nzusammengestellt. Es ist jedoch m\u00f6glich, dass Fehler in der Information aufgrund von technischen<br \/>\nSt\u00f6rungen oder anderen Umst\u00e4nden entstanden sind. Toko Int BV kann diese Fehler oder Fehler auf<br \/>\nder Website verwenden. nicht haftbar gemacht werden. Toko Int BV Auch haftet nicht f\u00fcr Sch\u00e4den, die<br \/>\naus der Nutzung, die Unm\u00f6glichkeit der Nutzung oder die Ergebnisse der Nutzung dieser Website<br \/>\noder die Materialien oder Informationen auf dieser Website. Wenn die Verwendung der Materialien<br \/>\noder Informationen dieser Website zu Service, Reparatur oder Korrektur von Ger\u00e4ten oder Daten<br \/>\nf\u00fchrt, \u00fcbernehmen Sie alle Kosten f\u00fcr Ihr Konto.<\/p>\n<p><strong>Urheberrecht<\/strong><br \/>\nKein Teil unserer Website darf ohne vorherige Genehmigung von Toko Int BV kopiert, reproduziert<br \/>\nund \/ oder ver\u00f6ffentlicht werden.<br \/>\nHaben Sie Fragen oder m\u00f6chten Sie Ihre Daten einsehen oder l\u00f6schen? Dann k\u00f6nnen Sie uns \u00fcber<br \/>\n<span style=\"text-decoration: underline;\"><a href=\"mailto:info@tokoint.com\">info@tokoint.com<\/a><\/span> kontaktieren<\/p>\n<p>J.Koek,<br \/>\nDirector of Toko International BV<\/p>\n\t\t\t\t\t\t\t\t<\/div>\n\t\t\t\t<\/div>\n\t\t\t\t\t<\/div>\n\t\t<\/div>\n\t\t\t\t\t<\/div>\n\t\t<\/section>\n\t\t\t\t\t<\/div>\n\t\t<\/div>\n\t\t\t\t\t<\/div>\n\t\t<\/section>\n\t\t\t\t<\/div>\n\t\t","protected":false},"excerpt":{"rendered":"<p>Datenschutzerkl\u00e4rung Wir m\u00f6chten Sie dar\u00fcber informieren, dass Toko Int BV Ihre Privatsph\u00e4re als wichtig erachtet. Wir sammeln nur Informationen, die notwendig sind, um Ihre Bestellung abzuschlie\u00dfen und einen Newsletter zu senden. Datenschutz und Haftungsausschluss Datenschutz Ein Besuch dieser Website ist grunds\u00e4tzlich anonym. Die einzigen pers\u00f6nlichen Informationen, die \u00fcber diese Website erfasst werden, sind Informationen, die [&hellip;]<\/p>\n","protected":false},"author":1,"featured_media":0,"parent":0,"menu_order":0,"comment_status":"closed","ping_status":"closed","template":"elementor_header_footer","meta":{"_acf_changed":false,"_monsterinsights_skip_tracking":false,"_monsterinsights_sitenote_active":false,"_monsterinsights_sitenote_note":"","_monsterinsights_sitenote_category":0,"site-sidebar-layout":"default","site-content-layout":"","ast-site-content-layout":"default","site-content-style":"default","site-sidebar-style":"default","ast-global-header-display":"","ast-banner-title-visibility":"","ast-main-header-display":"","ast-hfb-above-header-display":"","ast-hfb-below-header-display":"","ast-hfb-mobile-header-display":"","site-post-title":"","ast-breadcrumbs-content":"","ast-featured-img":"","footer-sml-layout":"","ast-disable-related-posts":"","theme-transparent-header-meta":"","adv-header-id-meta":"","stick-header-meta":"","header-above-stick-meta":"","header-main-stick-meta":"","header-below-stick-meta":"","astra-migrate-meta-layouts":"default","ast-page-background-enabled":"default","ast-page-background-meta":{"desktop":{"background-color":"var(--ast-global-color-4)","background-image":"","background-repeat":"repeat","background-position":"center center","background-size":"auto","background-attachment":"scroll","background-type":"","background-media":"","overlay-type":"","overlay-color":"","overlay-opacity":"","overlay-gradient":""},"tablet":{"background-color":"","background-image":"","background-repeat":"repeat","background-position":"center center","background-size":"auto","background-attachment":"scroll","background-type":"","background-media":"","overlay-type":"","overlay-color":"","overlay-opacity":"","overlay-gradient":""},"mobile":{"background-color":"","background-image":"","background-repeat":"repeat","background-position":"center center","background-size":"auto","background-attachment":"scroll","background-type":"","background-media":"","overlay-type":"","overlay-color":"","overlay-opacity":"","overlay-gradient":""}},"ast-content-background-meta":{"desktop":{"background-color":"var(--ast-global-color-5)","background-image":"","background-repeat":"repeat","background-position":"center center","background-size":"auto","background-attachment":"scroll","background-type":"","background-media":"","overlay-type":"","overlay-color":"","overlay-opacity":"","overlay-gradient":""},"tablet":{"background-color":"var(--ast-global-color-5)","background-image":"","background-repeat":"repeat","background-position":"center center","background-size":"auto","background-attachment":"scroll","background-type":"","background-media":"","overlay-type":"","overlay-color":"","overlay-opacity":"","overlay-gradient":""},"mobile":{"background-color":"var(--ast-global-color-5)","background-image":"","background-repeat":"repeat","background-position":"center center","background-size":"auto","background-attachment":"scroll","background-type":"","background-media":"","overlay-type":"","overlay-color":"","overlay-opacity":"","overlay-gradient":""}},"footnotes":""},"class_list":["post-2478","page","type-page","status-publish","hentry"],"acf":[],"_links":{"self":[{"href":"https:\/\/www.tokoint.com\/de\/wp-json\/wp\/v2\/pages\/2478","targetHints":{"allow":["GET"]}}],"collection":[{"href":"https:\/\/www.tokoint.com\/de\/wp-json\/wp\/v2\/pages"}],"about":[{"href":"https:\/\/www.tokoint.com\/de\/wp-json\/wp\/v2\/types\/page"}],"author":[{"embeddable":true,"href":"https:\/\/www.tokoint.com\/de\/wp-json\/wp\/v2\/users\/1"}],"replies":[{"embeddable":true,"href":"https:\/\/www.tokoint.com\/de\/wp-json\/wp\/v2\/comments?post=2478"}],"version-history":[{"count":2,"href":"https:\/\/www.tokoint.com\/de\/wp-json\/wp\/v2\/pages\/2478\/revisions"}],"predecessor-version":[{"id":4636,"href":"https:\/\/www.tokoint.com\/de\/wp-json\/wp\/v2\/pages\/2478\/revisions\/4636"}],"wp:attachment":[{"href":"https:\/\/www.tokoint.com\/de\/wp-json\/wp\/v2\/media?parent=2478"}],"curies":[{"name":"wp","href":"https:\/\/api.w.org\/{rel}","templated":true}]}}