{"id":2484,"date":"2019-01-25T00:14:10","date_gmt":"2019-01-24T23:14:10","guid":{"rendered":"https:\/\/www.tokoint.com\/uber-toko\/"},"modified":"2019-03-08T15:21:09","modified_gmt":"2019-03-08T14:21:09","slug":"uber-toko","status":"publish","type":"page","link":"https:\/\/www.tokoint.com\/de\/uber-toko\/","title":{"rendered":"\u00dcber Toko"},"content":{"rendered":"\t\t<div data-elementor-type=\"wp-post\" data-elementor-id=\"2484\" class=\"elementor elementor-2484 elementor-28 elementor-bc-flex-widget\" data-elementor-post-type=\"page\">\n\t\t\t\t\t\t<section class=\"elementor-section elementor-top-section elementor-element elementor-element-33389074 elementor-section-content-middle elementor-section-full_width elementor-section-height-default elementor-section-height-default\" data-id=\"33389074\" data-element_type=\"section\" data-e-type=\"section\">\n\t\t\t\t\t\t<div class=\"elementor-container elementor-column-gap-no\">\n\t\t\t\t\t<div class=\"elementor-column elementor-col-100 elementor-top-column elementor-element elementor-element-1b800431\" data-id=\"1b800431\" data-element_type=\"column\" data-e-type=\"column\">\n\t\t\t<div class=\"elementor-widget-wrap elementor-element-populated\">\n\t\t\t\t\t\t<div class=\"elementor-element elementor-element-1e83b8fc elementor-widget elementor-widget-image\" data-id=\"1e83b8fc\" data-element_type=\"widget\" data-e-type=\"widget\" data-widget_type=\"image.default\">\n\t\t\t\t<div class=\"elementor-widget-container\">\n\t\t\t\t\t\t\t\t\t\t\t\t\t\t\t<img decoding=\"async\" src=\"https:\/\/www.tokoint.com\/wp-content\/uploads\/elementor\/thumbs\/Toko_About-us_1-p24hnztdus9cez1f8qeabjlop7fvvy014tkfkgl600.jpg\" title=\"Toko_About us_1\" alt=\"Toko_About us_1\" loading=\"lazy\" \/>\t\t\t\t\t\t\t\t\t\t\t\t\t\t\t<\/div>\n\t\t\t\t<\/div>\n\t\t\t\t<section class=\"elementor-section elementor-inner-section elementor-element elementor-element-8594f24 elementor-section-full_width elementor-section-height-default elementor-section-height-default\" data-id=\"8594f24\" data-element_type=\"section\" data-e-type=\"section\">\n\t\t\t\t\t\t<div class=\"elementor-container elementor-column-gap-default\">\n\t\t\t\t\t<div class=\"elementor-column elementor-col-100 elementor-inner-column elementor-element elementor-element-ee70575\" data-id=\"ee70575\" data-element_type=\"column\" data-e-type=\"column\">\n\t\t\t<div class=\"elementor-widget-wrap elementor-element-populated\">\n\t\t\t\t\t\t<div class=\"elementor-element elementor-element-c251669 elementor-widget elementor-widget-heading\" data-id=\"c251669\" data-element_type=\"widget\" data-e-type=\"widget\" data-widget_type=\"heading.default\">\n\t\t\t\t<div class=\"elementor-widget-container\">\n\t\t\t\t\t<h3 class=\"elementor-heading-title elementor-size-default\">Value for money!<\/h3>\t\t\t\t<\/div>\n\t\t\t\t<\/div>\n\t\t\t\t<div class=\"elementor-element elementor-element-1729f09e elementor-widget elementor-widget-text-editor\" data-id=\"1729f09e\" data-element_type=\"widget\" data-e-type=\"widget\" data-widget_type=\"text-editor.default\">\n\t\t\t\t<div class=\"elementor-widget-container\">\n\t\t\t\t\t\t\t\t\t<p>Mit einem umfangreichen und sorgf\u00e4ltig ausgew\u00e4hlten Sortiment sind wir in der Lage, Ihnen attraktive Produkte anzubieten. Wir entwickeln uns st\u00e4ndig weiter, um sicherzustellen, dass das Sortiment Ihren Bed\u00fcrfnissen entspricht.<\/p>\n\t\t\t\t\t\t\t\t<\/div>\n\t\t\t\t<\/div>\n\t\t\t\t<div class=\"elementor-element elementor-element-5d518c5 elementor-widget elementor-widget-text-editor\" data-id=\"5d518c5\" data-element_type=\"widget\" data-e-type=\"widget\" data-widget_type=\"text-editor.default\">\n\t\t\t\t<div class=\"elementor-widget-container\">\n\t\t\t\t\t\t\t\t\t<p>Unsere Produkte werden haupts\u00e4chlich aus dem Fernen Osten importiert. Mit einem gro\u00dfen Netzwerk von Vertretern und Erf\u00fcllungsgehilfen bedienen wir alle L\u00e4nder in Europa und \u00dcbersee.<\/p>\n\t\t\t\t\t\t\t\t<\/div>\n\t\t\t\t<\/div>\n\t\t\t\t\t<\/div>\n\t\t<\/div>\n\t\t\t\t\t<\/div>\n\t\t<\/section>\n\t\t\t\t<section class=\"elementor-section elementor-inner-section elementor-element elementor-element-d45c4c9 elementor-section-full_width elementor-section-height-default elementor-section-height-default\" data-id=\"d45c4c9\" data-element_type=\"section\" data-e-type=\"section\">\n\t\t\t\t\t\t<div class=\"elementor-container elementor-column-gap-default\">\n\t\t\t\t\t<div class=\"elementor-column elementor-col-50 elementor-inner-column elementor-element elementor-element-a6723c9\" data-id=\"a6723c9\" data-element_type=\"column\" data-e-type=\"column\">\n\t\t\t<div class=\"elementor-widget-wrap elementor-element-populated\">\n\t\t\t\t\t\t<div class=\"elementor-element elementor-element-46ecd8d elementor-widget elementor-widget-image\" data-id=\"46ecd8d\" data-element_type=\"widget\" data-e-type=\"widget\" data-widget_type=\"image.default\">\n\t\t\t\t<div class=\"elementor-widget-container\">\n\t\t\t\t\t\t\t\t\t\t\t\t\t\t\t<img fetchpriority=\"high\" decoding=\"async\" width=\"1024\" height=\"776\" src=\"https:\/\/www.tokoint.com\/wp-content\/uploads\/2019\/03\/Toko_About-us_4-1024x776.png\" class=\"attachment-large size-large wp-image-4909\" alt=\"\" srcset=\"https:\/\/www.tokoint.com\/wp-content\/uploads\/2019\/03\/Toko_About-us_4-1024x776.png 1024w, https:\/\/www.tokoint.com\/wp-content\/uploads\/2019\/03\/Toko_About-us_4-300x227.png 300w, https:\/\/www.tokoint.com\/wp-content\/uploads\/2019\/03\/Toko_About-us_4-768x582.png 768w, https:\/\/www.tokoint.com\/wp-content\/uploads\/2019\/03\/Toko_About-us_4-600x455.png 600w, https:\/\/www.tokoint.com\/wp-content\/uploads\/2019\/03\/Toko_About-us_4.png 1423w\" sizes=\"(max-width: 1024px) 100vw, 1024px\" \/>\t\t\t\t\t\t\t\t\t\t\t\t\t\t\t<\/div>\n\t\t\t\t<\/div>\n\t\t\t\t<div class=\"elementor-element elementor-element-8873994 elementor-widget elementor-widget-text-editor\" data-id=\"8873994\" data-element_type=\"widget\" data-e-type=\"widget\" data-widget_type=\"text-editor.default\">\n\t\t\t\t<div class=\"elementor-widget-container\">\n\t\t\t\t\t\t\t\t\t<p>Aus den Niederlanden werden unsere Produkte haupts\u00e4chlich an internationale Gro\u00dfh\u00e4ndler verkauft. Unsere Produkte werden ab Lager durch unsere Logistikzentren in Benthuizen geliefert. Die Verteilung wird von zuverl\u00e4ssigen Logistikpartnern \u00fcbernommen, um p\u00fcnktliche Lieferungen zu gew\u00e4hrleisten. Bei Lieferungen au\u00dferhalb der EU k\u00fcmmern wir uns um alle Zollformalit\u00e4ten.<\/p>\n<p>Unsere Produkte werden nach europ\u00e4ischen Standards gefertigt, mit einer attraktiven Verpackung versehen und enthalten alle notwendigen Informationen, wie z.B. Produktbeschreibung, Barcode und andere Details.<\/p>\n<p>Alle Handb\u00fccher und Verpackungen sind in mindestens sechs verschiedenen Sprachen verfasst.<\/p>\n\t\t\t\t\t\t\t\t<\/div>\n\t\t\t\t<\/div>\n\t\t\t\t\t<\/div>\n\t\t<\/div>\n\t\t\t\t<div class=\"elementor-column elementor-col-50 elementor-inner-column elementor-element elementor-element-5dfcdcb\" data-id=\"5dfcdcb\" data-element_type=\"column\" data-e-type=\"column\">\n\t\t\t<div class=\"elementor-widget-wrap elementor-element-populated\">\n\t\t\t\t\t\t<div class=\"elementor-element elementor-element-2ea9e10 elementor-widget elementor-widget-text-editor\" data-id=\"2ea9e10\" data-element_type=\"widget\" data-e-type=\"widget\" data-widget_type=\"text-editor.default\">\n\t\t\t\t<div class=\"elementor-widget-container\">\n\t\t\t\t\t\t\t\t\t<p>F\u00fcr Ihren Eigen-Import nutzen Sie unser Beschaffungs-Netzwerk. Verpackungen in Ihrem eigenen Design sind selbstverst\u00e4ndlich m\u00f6glich. Auch den Transport und die finanzielle Abwicklung \u00fcbernehmen wir gerne. &#8220; Wir bekommen, was Sie wollen!&#8220; Wir freuen uns, Sie \u00fcber diese M\u00f6glichkeiten zu informieren.<\/p>\n\t\t\t\t\t\t\t\t<\/div>\n\t\t\t\t<\/div>\n\t\t\t\t<div class=\"elementor-element elementor-element-b8b707b elementor-widget elementor-widget-image\" data-id=\"b8b707b\" data-element_type=\"widget\" data-e-type=\"widget\" data-widget_type=\"image.default\">\n\t\t\t\t<div class=\"elementor-widget-container\">\n\t\t\t\t\t\t\t\t\t\t\t\t\t\t\t<img decoding=\"async\" width=\"960\" height=\"320\" src=\"https:\/\/www.tokoint.com\/wp-content\/uploads\/2019\/02\/Toko_Over-ons_2.png\" class=\"attachment-large size-large wp-image-4853\" alt=\"\" srcset=\"https:\/\/www.tokoint.com\/wp-content\/uploads\/2019\/02\/Toko_Over-ons_2.png 960w, https:\/\/www.tokoint.com\/wp-content\/uploads\/2019\/02\/Toko_Over-ons_2-300x100.png 300w, https:\/\/www.tokoint.com\/wp-content\/uploads\/2019\/02\/Toko_Over-ons_2-768x256.png 768w, https:\/\/www.tokoint.com\/wp-content\/uploads\/2019\/02\/Toko_Over-ons_2-600x200.png 600w\" sizes=\"(max-width: 960px) 100vw, 960px\" \/>\t\t\t\t\t\t\t\t\t\t\t\t\t\t\t<\/div>\n\t\t\t\t<\/div>\n\t\t\t\t<div class=\"elementor-element elementor-element-7d91137 elementor-widget elementor-widget-image\" data-id=\"7d91137\" data-element_type=\"widget\" data-e-type=\"widget\" data-widget_type=\"image.default\">\n\t\t\t\t<div class=\"elementor-widget-container\">\n\t\t\t\t\t\t\t\t\t\t\t\t\t\t\t<img decoding=\"async\" width=\"1024\" height=\"678\" src=\"https:\/\/www.tokoint.com\/wp-content\/uploads\/2019\/02\/Toko_About-us_3-1024x678.jpg\" class=\"attachment-large size-large wp-image-4864\" alt=\"\" srcset=\"https:\/\/www.tokoint.com\/wp-content\/uploads\/2019\/02\/Toko_About-us_3-1024x678.jpg 1024w, https:\/\/www.tokoint.com\/wp-content\/uploads\/2019\/02\/Toko_About-us_3-300x199.jpg 300w, https:\/\/www.tokoint.com\/wp-content\/uploads\/2019\/02\/Toko_About-us_3-768x509.jpg 768w, https:\/\/www.tokoint.com\/wp-content\/uploads\/2019\/02\/Toko_About-us_3-600x398.jpg 600w, https:\/\/www.tokoint.com\/wp-content\/uploads\/2019\/02\/Toko_About-us_3.jpg 1920w\" sizes=\"(max-width: 1024px) 100vw, 1024px\" \/>\t\t\t\t\t\t\t\t\t\t\t\t\t\t\t<\/div>\n\t\t\t\t<\/div>\n\t\t\t\t\t<\/div>\n\t\t<\/div>\n\t\t\t\t\t<\/div>\n\t\t<\/section>\n\t\t\t\t\t<\/div>\n\t\t<\/div>\n\t\t\t\t\t<\/div>\n\t\t<\/section>\n\t\t\t\t<\/div>\n\t\t","protected":false},"excerpt":{"rendered":"<p>Value for money! Mit einem umfangreichen und sorgf\u00e4ltig ausgew\u00e4hlten Sortiment sind wir in der Lage, Ihnen attraktive Produkte anzubieten. Wir entwickeln uns st\u00e4ndig weiter, um sicherzustellen, dass das Sortiment Ihren Bed\u00fcrfnissen entspricht. Unsere Produkte werden haupts\u00e4chlich aus dem Fernen Osten importiert. Mit einem gro\u00dfen Netzwerk von Vertretern und Erf\u00fcllungsgehilfen bedienen wir alle L\u00e4nder in Europa [&hellip;]<\/p>\n","protected":false},"author":1,"featured_media":0,"parent":0,"menu_order":0,"comment_status":"closed","ping_status":"closed","template":"elementor_header_footer","meta":{"_acf_changed":false,"_monsterinsights_skip_tracking":false,"_monsterinsights_sitenote_active":false,"_monsterinsights_sitenote_note":"","_monsterinsights_sitenote_category":0,"site-sidebar-layout":"default","site-content-layout":"","ast-site-content-layout":"default","site-content-style":"default","site-sidebar-style":"default","ast-global-header-display":"","ast-banner-title-visibility":"","ast-main-header-display":"","ast-hfb-above-header-display":"","ast-hfb-below-header-display":"","ast-hfb-mobile-header-display":"","site-post-title":"","ast-breadcrumbs-content":"","ast-featured-img":"","footer-sml-layout":"","ast-disable-related-posts":"","theme-transparent-header-meta":"","adv-header-id-meta":"","stick-header-meta":"","header-above-stick-meta":"","header-main-stick-meta":"","header-below-stick-meta":"","astra-migrate-meta-layouts":"default","ast-page-background-enabled":"default","ast-page-background-meta":{"desktop":{"background-color":"var(--ast-global-color-4)","background-image":"","background-repeat":"repeat","background-position":"center center","background-size":"auto","background-attachment":"scroll","background-type":"","background-media":"","overlay-type":"","overlay-color":"","overlay-opacity":"","overlay-gradient":""},"tablet":{"background-color":"","background-image":"","background-repeat":"repeat","background-position":"center center","background-size":"auto","background-attachment":"scroll","background-type":"","background-media":"","overlay-type":"","overlay-color":"","overlay-opacity":"","overlay-gradient":""},"mobile":{"background-color":"","background-image":"","background-repeat":"repeat","background-position":"center center","background-size":"auto","background-attachment":"scroll","background-type":"","background-media":"","overlay-type":"","overlay-color":"","overlay-opacity":"","overlay-gradient":""}},"ast-content-background-meta":{"desktop":{"background-color":"var(--ast-global-color-5)","background-image":"","background-repeat":"repeat","background-position":"center center","background-size":"auto","background-attachment":"scroll","background-type":"","background-media":"","overlay-type":"","overlay-color":"","overlay-opacity":"","overlay-gradient":""},"tablet":{"background-color":"var(--ast-global-color-5)","background-image":"","background-repeat":"repeat","background-position":"center center","background-size":"auto","background-attachment":"scroll","background-type":"","background-media":"","overlay-type":"","overlay-color":"","overlay-opacity":"","overlay-gradient":""},"mobile":{"background-color":"var(--ast-global-color-5)","background-image":"","background-repeat":"repeat","background-position":"center center","background-size":"auto","background-attachment":"scroll","background-type":"","background-media":"","overlay-type":"","overlay-color":"","overlay-opacity":"","overlay-gradient":""}},"footnotes":""},"class_list":["post-2484","page","type-page","status-publish","hentry"],"acf":[],"_links":{"self":[{"href":"https:\/\/www.tokoint.com\/de\/wp-json\/wp\/v2\/pages\/2484","targetHints":{"allow":["GET"]}}],"collection":[{"href":"https:\/\/www.tokoint.com\/de\/wp-json\/wp\/v2\/pages"}],"about":[{"href":"https:\/\/www.tokoint.com\/de\/wp-json\/wp\/v2\/types\/page"}],"author":[{"embeddable":true,"href":"https:\/\/www.tokoint.com\/de\/wp-json\/wp\/v2\/users\/1"}],"replies":[{"embeddable":true,"href":"https:\/\/www.tokoint.com\/de\/wp-json\/wp\/v2\/comments?post=2484"}],"version-history":[{"count":8,"href":"https:\/\/www.tokoint.com\/de\/wp-json\/wp\/v2\/pages\/2484\/revisions"}],"predecessor-version":[{"id":4912,"href":"https:\/\/www.tokoint.com\/de\/wp-json\/wp\/v2\/pages\/2484\/revisions\/4912"}],"wp:attachment":[{"href":"https:\/\/www.tokoint.com\/de\/wp-json\/wp\/v2\/media?parent=2484"}],"curies":[{"name":"wp","href":"https:\/\/api.w.org\/{rel}","templated":true}]}}